{"id":87,"date":"2023-07-30T13:56:14","date_gmt":"2023-07-30T11:56:14","guid":{"rendered":"https:\/\/back.co.at\/kuw\/?page_id=87"},"modified":"2023-07-30T13:56:14","modified_gmt":"2023-07-30T11:56:14","slug":"kraeutersalz","status":"publish","type":"page","link":"https:\/\/back.co.at\/kuw\/rezepte\/kraeutersalz\/","title":{"rendered":"Kr\u00e4utersalz"},"content":{"rendered":"\n<p>Kr\u00e4utersalz kann man sehr leicht selbst herstellen.&nbsp; Man mischt das Salz mit getrockneten Kr\u00e4utern und m\u00f6rsert alles gemeinsam klein und kann es sofort verwenden.<\/p>\n\n\n\n<p>Schneidet man frische Kr\u00e4uter klein in das Salz und m\u00f6rsert es, kann man es nat\u00fcrlich auch gleich verwenden. Zum Haltbarmachen sollte diese frische Kr\u00e4utersalzpaste auf ein Butterbrotpapier gestrichen werden und luftgetrocknet oder im Ofen getrocknet werden. Da es danach eher br\u00f6ckelig ist, dann einfach nochmal m\u00f6rsern und abf\u00fcllen.<\/p>\n\n\n\n<p>Der tolle Nebeneffekt beim Verwenden von frischen Kr\u00e4utern ist nat\u00fcrlich, dass es noch schmackhafter wird und die Farbe intensiver wird.<\/p>\n\n\n\n<p>Macht man verschiedene Kr\u00e4utersalze kann man sie schichtweise in ein Gl\u00e4schen geben und die verschiedenen Farbschichten ergeben einen tollen Effekt. Ist immer wieder ein tolles Mitbringsel \ud83d\ude42<\/p>\n","protected":false},"excerpt":{"rendered":"<p>Kr\u00e4utersalz kann man sehr leicht selbst herstellen.&nbsp; Man mischt das Salz mit getrockneten Kr\u00e4utern und m\u00f6rsert alles gemeinsam klein und kann es sofort verwenden. Schneidet man frische Kr\u00e4uter klein in &hellip; <\/p>\n<p class=\"link-more\"><a href=\"https:\/\/back.co.at\/kuw\/rezepte\/kraeutersalz\/\" class=\"more-link\"><span class=\"screen-reader-text\">\u201eKr\u00e4utersalz\u201c<\/span> weiterlesen<\/a><\/p>\n","protected":false},"author":1,"featured_media":0,"parent":73,"menu_order":5,"comment_status":"closed","ping_status":"closed","template":"","meta":{"footnotes":""},"class_list":["post-87","page","type-page","status-publish","hentry"],"_links":{"self":[{"href":"https:\/\/back.co.at\/kuw\/wp-json\/wp\/v2\/pages\/87","targetHints":{"allow":["GET"]}}],"collection":[{"href":"https:\/\/back.co.at\/kuw\/wp-json\/wp\/v2\/pages"}],"about":[{"href":"https:\/\/back.co.at\/kuw\/wp-json\/wp\/v2\/types\/page"}],"author":[{"embeddable":true,"href":"https:\/\/back.co.at\/kuw\/wp-json\/wp\/v2\/users\/1"}],"replies":[{"embeddable":true,"href":"https:\/\/back.co.at\/kuw\/wp-json\/wp\/v2\/comments?post=87"}],"version-history":[{"count":1,"href":"https:\/\/back.co.at\/kuw\/wp-json\/wp\/v2\/pages\/87\/revisions"}],"predecessor-version":[{"id":88,"href":"https:\/\/back.co.at\/kuw\/wp-json\/wp\/v2\/pages\/87\/revisions\/88"}],"up":[{"embeddable":true,"href":"https:\/\/back.co.at\/kuw\/wp-json\/wp\/v2\/pages\/73"}],"wp:attachment":[{"href":"https:\/\/back.co.at\/kuw\/wp-json\/wp\/v2\/media?parent=87"}],"curies":[{"name":"wp","href":"https:\/\/api.w.org\/{rel}","templated":true}]}}