{"id":79,"date":"2023-07-30T13:53:11","date_gmt":"2023-07-30T11:53:11","guid":{"rendered":"https:\/\/back.co.at\/kuw\/?page_id=79"},"modified":"2023-07-30T13:53:11","modified_gmt":"2023-07-30T11:53:11","slug":"sprudelnde-badepralinen","status":"publish","type":"page","link":"https:\/\/back.co.at\/kuw\/rezepte\/sprudelnde-badepralinen\/","title":{"rendered":"Sprudelnde Badepralinen"},"content":{"rendered":"<div class=\"wp-block-image is-style-rounded\">\n<figure class=\"alignright size-full is-resized\"><img loading=\"lazy\" decoding=\"async\" src=\"https:\/\/back.co.at\/kuw\/wp-content\/uploads\/2023\/07\/08c064a1-6e05-41f1-a426-26a110ca301e_m.webp\" alt=\"\" class=\"wp-image-80\" width=\"407\" height=\"271\" srcset=\"https:\/\/back.co.at\/kuw\/wp-content\/uploads\/2023\/07\/08c064a1-6e05-41f1-a426-26a110ca301e_m.webp 768w, https:\/\/back.co.at\/kuw\/wp-content\/uploads\/2023\/07\/08c064a1-6e05-41f1-a426-26a110ca301e_m-300x200.webp 300w\" sizes=\"auto, (max-width: 407px) 100vw, 407px\" \/><\/figure>\n<\/div>\n\n\n<p>Zutaten:<br>&#8211; 100g Natron<br>&#8211; 50g Zitronens\u00e4ure<br>&#8211; 25g Maisst\u00e4rke<br>&#8211; 50g Kakaobutter (gibt es in der Drogerie Altheim )<br>&#8211; Lavendelbl\u00fcten, Ringelblumenbl\u00fcten, &#8230;. je nach Lust und Laune<br>&#8211; \u00c4therisches Lavendel\u00f6l oder wonach einem gerade ist ;.)<\/p>\n\n\n\n<p>Zubereitung:<br>&#8211; Natron, Zitronens\u00e4ure und Maisst\u00e4rke mischen<br>&#8211; Kakaobutter langsam schmelzen<br>&#8211; Die Kakaobutter unter die trockenen Zutaten r\u00fchren, bis eine geschmeidige Masse entsteht<br>&#8211; Die Masse mit \u00e4therischem \u00d6l beduften<br>&#8211; In die\u00a0 Form Bl\u00fcten geben und die Masse darauf geben<br>&#8211; Die Form f\u00fcr kurze Zeit ins Gefrierfach stellen zum besseren Ausformen der Pralinen<br>&#8211; Pro Bad eine Praline verwenden<\/p>\n\n\n\n<p>Hinweis: Mit Kindern f\u00e4rbe ich die Praline immer ein. Dazu kann man Farbpigmente verwenden, die man auch beim Seifensieden verwendet oder farbige Heilerde.<\/p>\n","protected":false},"excerpt":{"rendered":"<p>Zutaten:&#8211; 100g Natron&#8211; 50g Zitronens\u00e4ure&#8211; 25g Maisst\u00e4rke&#8211; 50g Kakaobutter (gibt es in der Drogerie Altheim )&#8211; Lavendelbl\u00fcten, Ringelblumenbl\u00fcten, &#8230;. je nach Lust und Laune&#8211; \u00c4therisches Lavendel\u00f6l oder wonach einem gerade &hellip; <\/p>\n<p class=\"link-more\"><a href=\"https:\/\/back.co.at\/kuw\/rezepte\/sprudelnde-badepralinen\/\" class=\"more-link\"><span class=\"screen-reader-text\">\u201eSprudelnde Badepralinen\u201c<\/span> weiterlesen<\/a><\/p>\n","protected":false},"author":1,"featured_media":0,"parent":73,"menu_order":5,"comment_status":"closed","ping_status":"closed","template":"","meta":{"footnotes":""},"class_list":["post-79","page","type-page","status-publish","hentry"],"_links":{"self":[{"href":"https:\/\/back.co.at\/kuw\/wp-json\/wp\/v2\/pages\/79","targetHints":{"allow":["GET"]}}],"collection":[{"href":"https:\/\/back.co.at\/kuw\/wp-json\/wp\/v2\/pages"}],"about":[{"href":"https:\/\/back.co.at\/kuw\/wp-json\/wp\/v2\/types\/page"}],"author":[{"embeddable":true,"href":"https:\/\/back.co.at\/kuw\/wp-json\/wp\/v2\/users\/1"}],"replies":[{"embeddable":true,"href":"https:\/\/back.co.at\/kuw\/wp-json\/wp\/v2\/comments?post=79"}],"version-history":[{"count":1,"href":"https:\/\/back.co.at\/kuw\/wp-json\/wp\/v2\/pages\/79\/revisions"}],"predecessor-version":[{"id":81,"href":"https:\/\/back.co.at\/kuw\/wp-json\/wp\/v2\/pages\/79\/revisions\/81"}],"up":[{"embeddable":true,"href":"https:\/\/back.co.at\/kuw\/wp-json\/wp\/v2\/pages\/73"}],"wp:attachment":[{"href":"https:\/\/back.co.at\/kuw\/wp-json\/wp\/v2\/media?parent=79"}],"curies":[{"name":"wp","href":"https:\/\/api.w.org\/{rel}","templated":true}]}}