{"id":76,"date":"2023-07-30T13:50:54","date_gmt":"2023-07-30T11:50:54","guid":{"rendered":"https:\/\/back.co.at\/kuw\/?page_id=76"},"modified":"2023-07-30T13:50:54","modified_gmt":"2023-07-30T11:50:54","slug":"kraeuterlimo","status":"publish","type":"page","link":"https:\/\/back.co.at\/kuw\/rezepte\/kraeuterlimo\/","title":{"rendered":"Kr\u00e4uterlimo"},"content":{"rendered":"<div class=\"wp-block-image is-style-rounded\">\n<figure class=\"alignright size-full\"><img loading=\"lazy\" decoding=\"async\" width=\"213\" height=\"320\" src=\"https:\/\/back.co.at\/kuw\/wp-content\/uploads\/2023\/07\/1645fdeb-b71e-47b4-97ae-f376ea4a93a5_s.webp\" alt=\"\" class=\"wp-image-77\" srcset=\"https:\/\/back.co.at\/kuw\/wp-content\/uploads\/2023\/07\/1645fdeb-b71e-47b4-97ae-f376ea4a93a5_s.webp 213w, https:\/\/back.co.at\/kuw\/wp-content\/uploads\/2023\/07\/1645fdeb-b71e-47b4-97ae-f376ea4a93a5_s-200x300.webp 200w\" sizes=\"auto, (max-width: 213px) 100vw, 213px\" \/><\/figure>\n<\/div>\n\n\n<p>Zutaten:<br>ein paar Kr\u00e4uter ( je nach Geschmack: Zitronenmelisse, Gundermann, Pfefferminze, Giersch, Schafgarbe, Spitzwegerich, Klettenlabkraut, Holunderbl\u00fcten, G\u00e4nsebl\u00fcmchen, &#8230; ), 1l Apfelsaft, etwas Sprudelwasser, evtl. Zitrone<\/p>\n\n\n\n<p>Zubereitung:<br>Apfelsaft in einen Krug geben und die Kr\u00e4uter etwas zerquetschen und dazu geben. Wer mag kann noch ein paar Scheiben unbehandelte Zitrone dazu geben und das ganze 12 &#8211; 24 Stunden ziehen lassen.<\/p>\n\n\n\n<p>Nach dem Ziehen abseihen und mit etwas Sprudelwasser je nach Geschmack mischen.<\/p>\n","protected":false},"excerpt":{"rendered":"<p>Zutaten:ein paar Kr\u00e4uter ( je nach Geschmack: Zitronenmelisse, Gundermann, Pfefferminze, Giersch, Schafgarbe, Spitzwegerich, Klettenlabkraut, Holunderbl\u00fcten, G\u00e4nsebl\u00fcmchen, &#8230; ), 1l Apfelsaft, etwas Sprudelwasser, evtl. Zitrone Zubereitung:Apfelsaft in einen Krug geben und &hellip; <\/p>\n<p class=\"link-more\"><a href=\"https:\/\/back.co.at\/kuw\/rezepte\/kraeuterlimo\/\" class=\"more-link\"><span class=\"screen-reader-text\">\u201eKr\u00e4uterlimo\u201c<\/span> weiterlesen<\/a><\/p>\n","protected":false},"author":1,"featured_media":0,"parent":73,"menu_order":1,"comment_status":"closed","ping_status":"closed","template":"","meta":{"footnotes":""},"class_list":["post-76","page","type-page","status-publish","hentry"],"_links":{"self":[{"href":"https:\/\/back.co.at\/kuw\/wp-json\/wp\/v2\/pages\/76","targetHints":{"allow":["GET"]}}],"collection":[{"href":"https:\/\/back.co.at\/kuw\/wp-json\/wp\/v2\/pages"}],"about":[{"href":"https:\/\/back.co.at\/kuw\/wp-json\/wp\/v2\/types\/page"}],"author":[{"embeddable":true,"href":"https:\/\/back.co.at\/kuw\/wp-json\/wp\/v2\/users\/1"}],"replies":[{"embeddable":true,"href":"https:\/\/back.co.at\/kuw\/wp-json\/wp\/v2\/comments?post=76"}],"version-history":[{"count":1,"href":"https:\/\/back.co.at\/kuw\/wp-json\/wp\/v2\/pages\/76\/revisions"}],"predecessor-version":[{"id":78,"href":"https:\/\/back.co.at\/kuw\/wp-json\/wp\/v2\/pages\/76\/revisions\/78"}],"up":[{"embeddable":true,"href":"https:\/\/back.co.at\/kuw\/wp-json\/wp\/v2\/pages\/73"}],"wp:attachment":[{"href":"https:\/\/back.co.at\/kuw\/wp-json\/wp\/v2\/media?parent=76"}],"curies":[{"name":"wp","href":"https:\/\/api.w.org\/{rel}","templated":true}]}}