{"id":60,"date":"2023-07-30T13:39:09","date_gmt":"2023-07-30T11:39:09","guid":{"rendered":"https:\/\/back.co.at\/kuw\/?page_id=60"},"modified":"2023-10-12T09:21:11","modified_gmt":"2023-10-12T07:21:11","slug":"hydrolieren","status":"publish","type":"page","link":"https:\/\/back.co.at\/kuw\/kurse-workshops\/hydrolieren\/","title":{"rendered":"Destillieren"},"content":{"rendered":"\n<p>Wir stellen gemeinsam Hydrolate her.<\/p>\n\n\n\n<p>Hydrolate sind Kr\u00e4uterwasser, die bei der Gewinnung von \u00e4therischen \u00d6len durch Wasserdampfdestillation entsteht. Das Hydrolat ist mit den wasserl\u00f6slichen Bestandteilen der jeweiligen Pflanze versetzt und haben eine Heilwirkung, die aber oft vergessen wird. Wir werden uns diesem Thema widmen.<\/p>\n","protected":false},"excerpt":{"rendered":"<p>Wir stellen gemeinsam Hydrolate her. Hydrolate sind Kr\u00e4uterwasser, die bei der Gewinnung von \u00e4therischen \u00d6len durch Wasserdampfdestillation entsteht. Das Hydrolat ist mit den wasserl\u00f6slichen Bestandteilen der jeweiligen Pflanze versetzt und &hellip; <\/p>\n<p class=\"link-more\"><a href=\"https:\/\/back.co.at\/kuw\/kurse-workshops\/hydrolieren\/\" class=\"more-link\"><span class=\"screen-reader-text\">\u201eDestillieren\u201c<\/span> weiterlesen<\/a><\/p>\n","protected":false},"author":1,"featured_media":0,"parent":41,"menu_order":5,"comment_status":"closed","ping_status":"closed","template":"","meta":{"footnotes":""},"class_list":["post-60","page","type-page","status-publish","hentry"],"_links":{"self":[{"href":"https:\/\/back.co.at\/kuw\/wp-json\/wp\/v2\/pages\/60","targetHints":{"allow":["GET"]}}],"collection":[{"href":"https:\/\/back.co.at\/kuw\/wp-json\/wp\/v2\/pages"}],"about":[{"href":"https:\/\/back.co.at\/kuw\/wp-json\/wp\/v2\/types\/page"}],"author":[{"embeddable":true,"href":"https:\/\/back.co.at\/kuw\/wp-json\/wp\/v2\/users\/1"}],"replies":[{"embeddable":true,"href":"https:\/\/back.co.at\/kuw\/wp-json\/wp\/v2\/comments?post=60"}],"version-history":[{"count":2,"href":"https:\/\/back.co.at\/kuw\/wp-json\/wp\/v2\/pages\/60\/revisions"}],"predecessor-version":[{"id":253,"href":"https:\/\/back.co.at\/kuw\/wp-json\/wp\/v2\/pages\/60\/revisions\/253"}],"up":[{"embeddable":true,"href":"https:\/\/back.co.at\/kuw\/wp-json\/wp\/v2\/pages\/41"}],"wp:attachment":[{"href":"https:\/\/back.co.at\/kuw\/wp-json\/wp\/v2\/media?parent=60"}],"curies":[{"name":"wp","href":"https:\/\/api.w.org\/{rel}","templated":true}]}}