{"id":58,"date":"2023-07-30T13:38:36","date_gmt":"2023-07-30T11:38:36","guid":{"rendered":"https:\/\/back.co.at\/kuw\/?page_id=58"},"modified":"2023-07-30T13:38:36","modified_gmt":"2023-07-30T11:38:36","slug":"raeuchern-mit-heimischen-kraeutern","status":"publish","type":"page","link":"https:\/\/back.co.at\/kuw\/kurse-workshops\/raeuchern-mit-heimischen-kraeutern\/","title":{"rendered":"R\u00e4uchern mit heimischen Kr\u00e4utern"},"content":{"rendered":"\n<p>Hier tauchst du ein in die Geschichte des R\u00e4ucherns und die Wirkungsweise der einzelnen Wildkr\u00e4uter. Du lernst die Handhabung und den Vorgang des R\u00e4ucherns.<\/p>\n","protected":false},"excerpt":{"rendered":"<p>Hier tauchst du ein in die Geschichte des R\u00e4ucherns und die Wirkungsweise der einzelnen Wildkr\u00e4uter. Du lernst die Handhabung und den Vorgang des R\u00e4ucherns.<\/p>\n","protected":false},"author":1,"featured_media":0,"parent":41,"menu_order":4,"comment_status":"closed","ping_status":"closed","template":"","meta":{"footnotes":""},"class_list":["post-58","page","type-page","status-publish","hentry"],"_links":{"self":[{"href":"https:\/\/back.co.at\/kuw\/wp-json\/wp\/v2\/pages\/58","targetHints":{"allow":["GET"]}}],"collection":[{"href":"https:\/\/back.co.at\/kuw\/wp-json\/wp\/v2\/pages"}],"about":[{"href":"https:\/\/back.co.at\/kuw\/wp-json\/wp\/v2\/types\/page"}],"author":[{"embeddable":true,"href":"https:\/\/back.co.at\/kuw\/wp-json\/wp\/v2\/users\/1"}],"replies":[{"embeddable":true,"href":"https:\/\/back.co.at\/kuw\/wp-json\/wp\/v2\/comments?post=58"}],"version-history":[{"count":1,"href":"https:\/\/back.co.at\/kuw\/wp-json\/wp\/v2\/pages\/58\/revisions"}],"predecessor-version":[{"id":59,"href":"https:\/\/back.co.at\/kuw\/wp-json\/wp\/v2\/pages\/58\/revisions\/59"}],"up":[{"embeddable":true,"href":"https:\/\/back.co.at\/kuw\/wp-json\/wp\/v2\/pages\/41"}],"wp:attachment":[{"href":"https:\/\/back.co.at\/kuw\/wp-json\/wp\/v2\/media?parent=58"}],"curies":[{"name":"wp","href":"https:\/\/api.w.org\/{rel}","templated":true}]}}