{"id":56,"date":"2023-07-30T13:37:39","date_gmt":"2023-07-30T11:37:39","guid":{"rendered":"https:\/\/back.co.at\/kuw\/?page_id=56"},"modified":"2023-07-30T13:37:39","modified_gmt":"2023-07-30T11:37:39","slug":"kraeuterwanderung","status":"publish","type":"page","link":"https:\/\/back.co.at\/kuw\/kurse-workshops\/kraeuterwanderung\/","title":{"rendered":"Kr\u00e4uterwanderung"},"content":{"rendered":"\n<p>Bei einer Kr\u00e4uterwanderung werden die Wildkr\u00e4uter, die derzeit wachsen und bl\u00fchen genauer betrachtet und die speziellen Merkmale und Eigenschaften in Bezug eures K\u00f6rpers werden angesprochen. In irgendeiner Form werden einige Kr\u00e4uter auch in der K\u00fcche verarbeitet und werden verkostet. Meist wird so eine Kr\u00e4uterwanderung mit einer kleinen Form des Innehaltens begleitet. ( z.B kleine R\u00e4ucherung, Meditation, etc )<\/p>\n","protected":false},"excerpt":{"rendered":"<p>Bei einer Kr\u00e4uterwanderung werden die Wildkr\u00e4uter, die derzeit wachsen und bl\u00fchen genauer betrachtet und die speziellen Merkmale und Eigenschaften in Bezug eures K\u00f6rpers werden angesprochen. In irgendeiner Form werden einige &hellip; <\/p>\n<p class=\"link-more\"><a href=\"https:\/\/back.co.at\/kuw\/kurse-workshops\/kraeuterwanderung\/\" class=\"more-link\"><span class=\"screen-reader-text\">\u201eKr\u00e4uterwanderung\u201c<\/span> weiterlesen<\/a><\/p>\n","protected":false},"author":1,"featured_media":0,"parent":41,"menu_order":3,"comment_status":"closed","ping_status":"closed","template":"","meta":{"footnotes":""},"class_list":["post-56","page","type-page","status-publish","hentry"],"_links":{"self":[{"href":"https:\/\/back.co.at\/kuw\/wp-json\/wp\/v2\/pages\/56","targetHints":{"allow":["GET"]}}],"collection":[{"href":"https:\/\/back.co.at\/kuw\/wp-json\/wp\/v2\/pages"}],"about":[{"href":"https:\/\/back.co.at\/kuw\/wp-json\/wp\/v2\/types\/page"}],"author":[{"embeddable":true,"href":"https:\/\/back.co.at\/kuw\/wp-json\/wp\/v2\/users\/1"}],"replies":[{"embeddable":true,"href":"https:\/\/back.co.at\/kuw\/wp-json\/wp\/v2\/comments?post=56"}],"version-history":[{"count":1,"href":"https:\/\/back.co.at\/kuw\/wp-json\/wp\/v2\/pages\/56\/revisions"}],"predecessor-version":[{"id":57,"href":"https:\/\/back.co.at\/kuw\/wp-json\/wp\/v2\/pages\/56\/revisions\/57"}],"up":[{"embeddable":true,"href":"https:\/\/back.co.at\/kuw\/wp-json\/wp\/v2\/pages\/41"}],"wp:attachment":[{"href":"https:\/\/back.co.at\/kuw\/wp-json\/wp\/v2\/media?parent=56"}],"curies":[{"name":"wp","href":"https:\/\/api.w.org\/{rel}","templated":true}]}}