{"id":47,"date":"2023-07-30T13:32:45","date_gmt":"2023-07-30T11:32:45","guid":{"rendered":"https:\/\/back.co.at\/kuw\/?page_id=47"},"modified":"2023-07-30T13:35:13","modified_gmt":"2023-07-30T11:35:13","slug":"kraeuterworkshops-mit-vorschulkindern-im-kiga","status":"publish","type":"page","link":"https:\/\/back.co.at\/kuw\/kurse-workshops\/kraeuterworkshops-mit-vorschulkindern-im-kiga\/","title":{"rendered":"Workshop mit Vorschulkindern"},"content":{"rendered":"<div class=\"wp-block-image is-style-rounded\">\n<figure class=\"alignright size-full is-resized\"><img loading=\"lazy\" decoding=\"async\" src=\"https:\/\/back.co.at\/kuw\/wp-content\/uploads\/2023\/07\/Bildschirmfoto-2021-06-23-um-20.34.48.png\" alt=\"\" class=\"wp-image-48\" width=\"195\" height=\"194\" srcset=\"https:\/\/back.co.at\/kuw\/wp-content\/uploads\/2023\/07\/Bildschirmfoto-2021-06-23-um-20.34.48.png 778w, https:\/\/back.co.at\/kuw\/wp-content\/uploads\/2023\/07\/Bildschirmfoto-2021-06-23-um-20.34.48-300x300.png 300w, https:\/\/back.co.at\/kuw\/wp-content\/uploads\/2023\/07\/Bildschirmfoto-2021-06-23-um-20.34.48-150x150.png 150w, https:\/\/back.co.at\/kuw\/wp-content\/uploads\/2023\/07\/Bildschirmfoto-2021-06-23-um-20.34.48-768x767.png 768w, https:\/\/back.co.at\/kuw\/wp-content\/uploads\/2023\/07\/Bildschirmfoto-2021-06-23-um-20.34.48-100x100.png 100w\" sizes=\"auto, (max-width: 195px) 100vw, 195px\" \/><\/figure>\n<\/div>\n\n\n<p><\/p>\n\n\n\n<p>Ich komme zu euch in den Kiga und gestalte mit euren Vorschulkindern einen Kr\u00e4uterworkshop.\u00a0<\/p>\n\n\n\n<p>Dabei ist er mir wichtig, dass die Kinder lernen die Wildkr\u00e4uter bestm\u00f6glich zu erkennen und m\u00f6chte den umsichtigen Umgang mit den Pflanzen n\u00e4her bringen, Gefahren dabei aufzeigen und etwas mit den Kr\u00e4utern produzieren.&nbsp;<\/p>\n\n\n\n<p>Die Kinder bekommen von mir das Kr\u00e4uterwissen und Rezepte mit nach Hause. Beim n\u00e4chsten Spaziergang werden sie euch dann bestimmt ein paar Pflanzen voller Stolz zeigen.<\/p>\n\n\n\n<p>Wenn ich im Kiga arbeite habe ich die kleine Kr\u00e4uterhexe Tilia dabei, die mich immer tatkr\u00e4ftig unterst\u00fctzt \ud83d\ude42<\/p>\n","protected":false},"excerpt":{"rendered":"<p>Ich komme zu euch in den Kiga und gestalte mit euren Vorschulkindern einen Kr\u00e4uterworkshop.\u00a0 Dabei ist er mir wichtig, dass die Kinder lernen die Wildkr\u00e4uter bestm\u00f6glich zu erkennen und m\u00f6chte &hellip; <\/p>\n<p class=\"link-more\"><a href=\"https:\/\/back.co.at\/kuw\/kurse-workshops\/kraeuterworkshops-mit-vorschulkindern-im-kiga\/\" class=\"more-link\"><span class=\"screen-reader-text\">\u201eWorkshop mit Vorschulkindern\u201c<\/span> weiterlesen<\/a><\/p>\n","protected":false},"author":1,"featured_media":0,"parent":41,"menu_order":0,"comment_status":"closed","ping_status":"closed","template":"","meta":{"footnotes":""},"class_list":["post-47","page","type-page","status-publish","hentry"],"_links":{"self":[{"href":"https:\/\/back.co.at\/kuw\/wp-json\/wp\/v2\/pages\/47","targetHints":{"allow":["GET"]}}],"collection":[{"href":"https:\/\/back.co.at\/kuw\/wp-json\/wp\/v2\/pages"}],"about":[{"href":"https:\/\/back.co.at\/kuw\/wp-json\/wp\/v2\/types\/page"}],"author":[{"embeddable":true,"href":"https:\/\/back.co.at\/kuw\/wp-json\/wp\/v2\/users\/1"}],"replies":[{"embeddable":true,"href":"https:\/\/back.co.at\/kuw\/wp-json\/wp\/v2\/comments?post=47"}],"version-history":[{"count":2,"href":"https:\/\/back.co.at\/kuw\/wp-json\/wp\/v2\/pages\/47\/revisions"}],"predecessor-version":[{"id":52,"href":"https:\/\/back.co.at\/kuw\/wp-json\/wp\/v2\/pages\/47\/revisions\/52"}],"up":[{"embeddable":true,"href":"https:\/\/back.co.at\/kuw\/wp-json\/wp\/v2\/pages\/41"}],"wp:attachment":[{"href":"https:\/\/back.co.at\/kuw\/wp-json\/wp\/v2\/media?parent=47"}],"curies":[{"name":"wp","href":"https:\/\/api.w.org\/{rel}","templated":true}]}}