{"id":113,"date":"2023-07-30T14:32:01","date_gmt":"2023-07-30T12:32:01","guid":{"rendered":"https:\/\/back.co.at\/kuw\/?page_id=113"},"modified":"2023-07-30T14:32:02","modified_gmt":"2023-07-30T12:32:02","slug":"datenschutzerklaerung-impressum","status":"publish","type":"page","link":"https:\/\/back.co.at\/kuw\/datenschutzerklaerung-impressum\/","title":{"rendered":"Datenschutzerkl\u00e4rung &#038; Impressum"},"content":{"rendered":"\n<h2 class=\"wp-block-heading\">Kr\u00e4uter und Wurzelwerk<\/h2>\n\n\n\n<p>Oberach 64<br>4950 Altheim<br>nicoletta@back.co.at<\/p>\n\n\n\n<h3 class=\"wp-block-heading\">Vollst\u00e4ndiger Firmenname<\/h3>\n\n\n\n<p>Nicoletta Back<\/p>\n\n\n\n<h3 class=\"wp-block-heading\">Ort der Gewerbeberechtigung<\/h3>\n\n\n\n<p>Oberach 64<br>4950 Altheim<\/p>\n\n\n\n<h3 class=\"wp-block-heading\">Kammer\/Berufsverband-Zugeh\u00f6rigkeit(en)<\/h3>\n\n\n\n<p>WKO O\u00d6<\/p>\n\n\n\n<h2 class=\"wp-block-heading\">Haftungsausschluss<\/h2>\n\n\n\n<h3 class=\"wp-block-heading\">Inhalt des Onlineangebotes<\/h3>\n\n\n\n<p>Der Autor \u00fcbernimmt keinerlei Gew\u00e4hr f\u00fcr die Aktualit\u00e4t, Korrektheit, Vollst\u00e4ndigkeit oder Qualit\u00e4t der bereitgestellten Informationen. Haftungsanspr\u00fcche gegen den Autor, welche sich auf Sch\u00e4den materieller oder ideeller Art beziehen, die durch die Nutzung oder Nichtnutzung der dargebotenen Informationen bzw. durch die Nutzung fehlerhafter und unvollst\u00e4ndiger Informationen verursacht wurden, sind grunds\u00e4tzlich ausgeschlossen, sofern seitens des Autors kein nachweislich vors\u00e4tzliches oder grob fahrl\u00e4ssiges Verschulden vorliegt. Alle Angebote sind freibleibend und unverbindlich. Der Autor beh\u00e4lt es sich ausdr\u00fccklich vor, Teile der Seiten oder das gesamte Angebot ohne gesonderte Ank\u00fcndigung zu ver\u00e4ndern, zu erg\u00e4nzen, zu l\u00f6schen oder die Ver\u00f6ffentlichung zeitweise oder endg\u00fcltig einzustellen.<\/p>\n\n\n\n<h3 class=\"wp-block-heading\">Verweise und Links<\/h3>\n\n\n\n<p>Bei direkten oder indirekten Verweisen auf fremde Internetseiten (Links), die au\u00dferhalb des Verantwortungsbereiches des Autors liegen, w\u00fcrde eine Haftungsverpflichtung ausschlie\u00dflich in dem Fall in Kraft treten, in dem der Autor von den Inhalten Kenntnis hat und es ihm technisch m\u00f6glich und zumutbar w\u00e4re, die Nutzung im Falle rechtswidriger Inhalte zu verhindern. Der Autor erkl\u00e4rt hiermit ausdr\u00fccklich, dass zum Zeitpunkt der Linksetzung keine illegalen Inhalte auf den zu verlinkenden Seiten erkennbar waren. Auf die aktuelle und zuk\u00fcnftige Gestaltung, die Inhalte oder die Urheberschaft der gelinkten\/verkn\u00fcpften Seiten hat der Autor keinerlei Einfluss. Deshalb distanziert er sich hiermit ausdr\u00fccklich von allen Inhalten aller gelinkten\/verkn\u00fcpften Seiten, die nach der Linksetzung ver\u00e4ndert wurden. Diese Feststellung gilt f\u00fcr alle innerhalb des eigenen Internetangebotes gesetzten Links und Verweise sowie f\u00fcr Fremdeintr\u00e4ge in vom Autor eingerichtete G\u00e4steb\u00fccher, Diskussionsforen und Mailinglisten. F\u00fcr illegale, fehlerhafte oder unvollst\u00e4ndige Inhalte und insbesondere f\u00fcr Sch\u00e4den, die aus der Nutzung oder Nichtnutzung solcherart dargebotener Informationen entstehen, haftet allein der Anbieter der Seite, auf welche verwiesen wurde, nicht derjenige, der \u00fcber Links auf die jeweilige Ver\u00f6ffentlichung lediglich verweist.<\/p>\n\n\n\n<h3 class=\"wp-block-heading\">Urheber- und Kennzeichenrecht<\/h3>\n\n\n\n<p>Der Autor ist bestrebt, in allen Publikationen die Urheberrechte der verwendeten Grafiken, Tondokumente, Videosequenzen und Texte zu beachten, von ihm selbst erstellte Grafiken, Tondokumente, Videosequenzen und Texte zu nutzen oder auf lizenzfreie Grafiken, Tondokumente, Videosequenzen und Texte zur\u00fcckzugreifen. Alle innerhalb des Internetangebotes genannten und ggf. durch Dritte gesch\u00fctzten Marken- und Warenzeichen unterliegen uneingeschr\u00e4nkt den Bestimmungen des jeweils g\u00fcltigen Kennzeichenrechts und den Besitzrechten der jeweiligen eingetragenen Eigent\u00fcmer. Allein aufgrund der blo\u00dfen Nennung ist nicht der Schluss zu ziehen, dass Markenzeichen nicht durch Rechte Dritter gesch\u00fctzt sind! Das Copyright f\u00fcr ver\u00f6ffentlichte, vom Autor selbst erstellte Objekte bleibt allein beim Autor der Seiten. Eine Vervielf\u00e4ltigung oder Verwendung solcher Grafiken, Tondokumente, Videosequenzen und Texte in anderen elektronischen oder gedruckten Publikationen ist ohne ausdr\u00fcckliche Zustimmung des Autors nicht gestattet.<\/p>\n\n\n\n<h3 class=\"wp-block-heading\">Datenschutz<\/h3>\n\n\n\n<p>Sofern innerhalb des Internetangebotes die M\u00f6glichkeit zur Eingabe pers\u00f6nlicher oder gesch\u00e4ftlicher Daten (E-Mail-Adressen, Namen, Anschriften) besteht, so erfolgt die Preisgabe dieser Daten seitens des Nutzers auf ausdr\u00fccklich freiwilliger Basis. Die Inanspruchnahme und Bezahlung aller angebotenen Dienste ist &#8211; soweit technisch m\u00f6glich und zumutbar &#8211; auch ohne Angabe solcher Daten bzw. unter Angabe anonymisierter Daten oder eines Pseudonyms gestattet. Die Nutzung der im Rahmen des Impressums oder vergleichbarer Angaben ver\u00f6ffentlichten Kontaktdaten wie Postanschriften, Telefon- und Faxnummern sowie E-Mail-Adressen durch Dritte zur \u00dcbersendung von nicht ausdr\u00fccklich angeforderten Informationen ist nicht gestattet. Rechtliche Schritte gegen die Versender von so genannten Spam-Mails bei Verst\u00f6\u00dfen gegen dieses Verbot sind ausdr\u00fccklich vorbehalten.<\/p>\n\n\n\n<h3 class=\"wp-block-heading\">Rechtswirksamkeit dieses Haftungsausschlusses<\/h3>\n\n\n\n<p>Dieser Haftungsausschluss ist als Teil des Internetangebotes zu betrachten, von dem aus auf diese Seite verwiesen wurde. Sofern Teile oder einzelne Formulierungen dieses Textes der geltenden Rechtslage nicht, nicht mehr oder nicht vollst\u00e4ndig entsprechen sollten, bleiben die \u00fcbrigen Teile des Dokumentes in ihrem Inhalt und ihrer G\u00fcltigkeit davon unber\u00fchrt.<\/p>\n\n\n\n<h3 class=\"wp-block-heading\">Google Analytics<\/h3>\n\n\n\n<p>Diese Website benutzt Google Analytics, einen Webanalysedienst der Google Inc. (&#8222;Google&#8220;). Google Analytics verwendet sog. &#8222;Cookies&#8220;, Textdateien, die auf Ihrem Computer gespeichert werden und die eine Analyse der Benutzung der Website durch Sie erm\u00f6glichen. Die durch den Cookie erzeugten Informationen \u00fcber Ihre Benutzung dieser Website werden in der Regel an einen Server von Google in den USA \u00fcbertragen und dort gespeichert. Im Falle der Aktivierung der IP-Anonymisierung auf dieser Webseite, wird Ihre IP-Adresse von Google jedoch innerhalb von Mitgliedstaaten der Europ\u00e4ischen Union oder in anderen Vertragsstaaten des Abkommens \u00fcber den Europ\u00e4ischen Wirtschaftsraum zuvor gek\u00fcrzt. Nur in Ausnahmef\u00e4llen wird die volle IP-Adresse an einen Server von Google in den USA \u00fcbertragen und dort gek\u00fcrzt. Die IP-Anonymisierung ist auf dieser Website aktiv. Im Auftrag des Betreibers dieser Website wird Google diese Informationen benutzen, um Ihre Nutzung der Website auszuwerten, um Reports \u00fcber die Websiteaktivit\u00e4ten zusammenzustellen und um weitere mit der Websitenutzung und der Internetnutzung verbundene Dienstleistungen gegen\u00fcber dem Websitebetreiber zu erbringen. Die im Rahmen von Google Analytics von Ihrem Browser \u00fcbermittelte IP-Adresse wird nicht mit anderen Daten von Google zusammengef\u00fchrt. Sie k\u00f6nnen die Speicherung der Cookies durch eine entsprechende Einstellung Ihrer Browser-Software verhindern; wir weisen Sie jedoch darauf hin, dass Sie in diesem Fall gegebenenfalls nicht s\u00e4mtliche Funktionen dieser Website vollumf\u00e4nglich werden nutzen k\u00f6nnen. Sie k\u00f6nnen dar\u00fcber hinaus die Erfassung der durch das Cookie erzeugten und auf Ihre Nutzung der Website bezogenen Daten (inkl. Ihrer IP-Adresse) an Google sowie die Verarbeitung dieser Daten durch Google verhindern, indem Sie das unter dem folgenden Link verf\u00fcgbare Browser-Plugin herunterladen und installieren:&nbsp;<a href=\"http:\/\/tools.google.com\/dlpage\/gaoptout?hl=de\">http:\/\/tools.google.com\/dlpage\/gaoptout?hl=de<\/a>.<\/p>\n\n\n\n<h3 class=\"wp-block-heading\">Social PlugIns<\/h3>\n\n\n\n<p>Auf dieser Website werden PlugIns des sozialen Netzwerk Facebook, Facebook Inc., Menlo Park, California, United States, in Form eines \u201eLike-Button\u201c und\/oder des sozialen Netzwerks Google Plus der Google Inc., 1600 Amphitheatre Parkway, Mountain View, CA 94043, United States, in Form eines \u201e+1-Button\u201c integriert. Das Plugin erm\u00f6glicht eine direkte Verbindung zwischen dem Browser des Nutzers und dem Facebook- bzw. Google-Server. Facebook bzw. Google ermitteln so Informationen (insbesondere Datum und Uhrzeit des Website-Aufrufs und sonstige browserbezogene Informationen) des Nutzers auf der Website. Wenn der Nutzer den Facebook \u201eLike-Button\u201c bzw. den Google \u201e+1-Button\u201c anklickt, w\u00e4hrend der Nutzer in seinem Facebook-Account bzw Google-Account eingeloggt ist, ist es Facebook bzw. Google weiters m\u00f6glich, den Besuch auf der Website dem Profil des Nutzers zuzuordnen. Weitergehende Informationen finden Sie hier [http:\/\/www.facebook.com\/help\/186325668085084] und hier [http:\/\/www.google.com\/intl\/de\/+\/policy\/+1button.html]. Mit Besuch der Website erkl\u00e4ren Sie sich mit einer derartigen Verwendung Ihrer Nutzer-Informationen ausdr\u00fccklich einverstanden.<\/p>\n\n\n\n<h3 class=\"wp-block-heading\">Online-Streitbeilegung<\/h3>\n\n\n\n<p>Die Europ\u00e4ische Kommission stellt eine Plattform zur Online-Streitbeilegung (OS) bereit, die Sie unter<a href=\"http:\/\/ec.europa.eu\/odr\/\">http:\/\/ec.europa.eu\/odr\/<\/a>finden.<\/p>\n\n\n\n<p><\/p>\n\n\n\n<h3 class=\"wp-block-heading\">Datenverarbeitungszwecke<\/h3>\n\n\n\n<p>Kontaktformular<\/p>\n\n\n\n<p>Wenn Sie per Formular auf der Website oder per E-Mail Kontakt mit uns aufnehmen, werden Ihre angegebenen Daten zwecks Bearbeitung der Anfrage und f\u00fcr den Fall von Anschlussfragen sechs Monate bei uns gespeichert. Diese Daten geben wir nicht ohne Ihre Einwilligung weiter. Sofern Sie das Kontaktformular ausf\u00fcllen, verarbeitet HEROLD Business Data GmbH als Auftragsverarbeiter die Daten auf Grundlage der Allgemeinen Gesch\u00e4ftsbedingungen (insbesondere der darin enthaltenen Regelungen zur Auftragsdatenverarbeitung). HEROLD Business Data GmbH bedient sich hierbei eines Subauftragsverarbeiters (SurveyMonkey Europe UC, 2 Shelbourne Buildings, 2nd Floore, Shelbourne Road, Ballsbridge, Dublin 4, Ireland), der Zugriff auf die im Kontaktformular enthaltenen Daten erh\u00e4lt und der Daten in den USA speichert. Jede Bereitstellung von Daten an den Subauftragsverarbeiter basiert auf einem Angemessenheitsbeschluss der Europ\u00e4ischen Kommission (Selbstzertifizierung Privacy Shield).<\/p>\n\n\n\n<p>Analysezwecke<\/p>\n\n\n\n<p>Dar\u00fcber hinaus werden Daten zu Analysezwecken erhoben und verwendet. Diese Datenverarbeitung erfolgt nicht personenbezogen (siehe hierzu nachstehend Informationen zu Cookies).<\/p>\n\n\n\n<p>Webshop<\/p>\n\n\n\n<p>Zum Zweck des einfacheren Einkaufsvorganges und zur sp\u00e4teren Vertragsabwicklung werden \u2013 falls diese Website einen Webshop anbietet \u2013 folgende Daten erhoben: Titel, Name, Adresse, Telefonnummer, E-Mail-Adresse, Firmenname, UID-Nr., Bestelldatum, Bestellnummer, Bezahlart, Versandart, Produkt-Umfang, Kosten. Weiters k\u00f6nnen Session Cookies zum Einsatz kommen, die eine einfachere Abwicklung des Einkaufsvorganges bezwecken. Die im Session Cookie verarbeiteten Daten enthalten keinerlei Personenbezug.<\/p>\n\n\n\n<p>Die von Ihnen bereit gestellten Daten sind zur Vertragserf\u00fcllung bzw. zur Durchf\u00fchrung vorvertraglicher Ma\u00dfnahmen erforderlich. Ohne diese Daten k\u00f6nnen wir den Vertrag mit Ihnen nicht abschlie\u00dfen. Eine Daten\u00fcbermittlung an Dritte erfolgt nicht, mit Ausnahme der \u00dcbermittlung der Kreditkartendaten an die abwickelnden Bankinstitute\/Zahlungsdienstleister zum Zwecke der Abbuchung des Einkaufspreises, an das von uns beauftragte Transportunternehmen\/Versandunternehmen zur Zustellung der Ware sowie an unseren Steuerberater zur Erf\u00fcllung unserer steuerrechtlichen Verpflichtungen.<\/p>\n\n\n\n<p>Nach Abbruch des Einkaufsvorganges werden die vom Nutzer eingegebenen Daten noch zumindest vier Wochen gespeichert und dann gel\u00f6scht. Im Falle eines Vertragsabschlusses werden s\u00e4mtliche Daten aus dem Vertragsverh\u00e4ltnis f\u00fcr die Dauer des Vertragsverh\u00e4ltnisses sowie dar\u00fcber hinaus, solange Rechtsanspr\u00fcche hieraus ableitbar sind, gespeichert und sodann gel\u00f6scht, es sei denn es bestehen dar\u00fcberhinausgehende Aufbewahrungspflichten (z. B. steuerrechtliche).<\/p>\n\n\n\n<p>Registrierung<\/p>\n\n\n\n<p>Bei einer Registrierung wird die E-Mail-Adresse des Nutzers sowie ein Passwort gespeichert. Sofern in der Folge ein Kauf erfolgt, wird die E-Mail-Adresse mit den beim Kaufvorgang ermittelten Daten verkn\u00fcpft. Die von Ihnen bereit gestellten Daten sind zur Einrichtung des Nutzeraccounts erforderlich. Die Datenverarbeitung erfolgt f\u00fcr die Dauer des Bestehens des Nutzeraccounts. Bei L\u00f6schung des Nutzeraccounts erfolgt eine L\u00f6schung der E-Mail-Adresse und des Passworts sowie der Verkn\u00fcpfung zur Daten des Kaufvorganges.<\/p>\n\n\n\n<p>IT-Sicherheit<\/p>\n\n\n\n<p>Beim Besuch dieser Website werden dar\u00fcber hinaus Logfiles gespeichert, welche die IP-Adresse und sonstige Daten zum Zugriff auf die Website enthalten (z. B. Datum, Uhrzeit, UserAgent, Referer). Die Datenverarbeitung erfolgt zeitlich befristet (maximal sieben Tage) und nur zur Absicherung vor DDOS Attacken oder sonstigen Eingriffen in die Funktionalit\u00e4t der Website sowie der allenfalls dahinterliegenden Datenbanksysteme.<\/p>\n\n\n\n<p>Produktbewertungen<\/p>\n\n\n\n<p>Bei Abgabe einer Produktbewertung werden folgende Daten ermittelt und ver\u00f6ffentlicht: Nutzername, Kommentar, Anzahl von vergebenen Sternen. Die Ermittlung erfolgt zum Zweck der Ver\u00f6ffentlichung der Daten bei einem bestimmten Produkt. Die von Ihnen bereit gestellten Daten sind zur Ver\u00f6ffentlichung der Bewertung erforderlich. Die Datenverarbeitung erfolgt f\u00fcr die Dauer der Ver\u00f6ffentlichung. L\u00f6schungen sind m\u00f6glich durch \u00dcbermittlung eines E-Mails an<a href=\"mailto:datenschutz@herold.at\">datenschutz@herold.at<\/a>.<\/p>\n\n\n\n<p>Informationen zu Cookies<\/p>\n\n\n\n<p>Diese Website verwendet so genannte Cookies. Dabei handelt es sich um kleine Textdateien, die mit Hilfe des Browsers auf Ihrem Endger\u00e4t abgelegt werden. Sie richten keinen Schaden an.<\/p>\n\n\n\n<p>Auf dieser Seite werden sogenannte Session Cookies verwendet. Diese werden beim Aufruf der Website generiert und automatisch wieder gel\u00f6scht. Sie dienen der Wiedererkennung, wenn Sie innerhalb kurzer Zeit dieselbe Website erneut aufrufen, um bereits get\u00e4tigte Voreinstellungen erneut zu ber\u00fccksichtigen. Es werden dabei keinerlei personenbezogene Daten gespeichert oder verarbeitet.<\/p>\n\n\n\n<p>Cookies haben den Zweck, das Website-Angebot nutzerfreundlich zu gestalten. Einige Cookies bleiben auf Ihrem Endger\u00e4t gespeichert, bis Sie diese l\u00f6schen. Sie erm\u00f6glichen es sohin dem Websitebetreiber, Ihren Browser beim n\u00e4chsten Besuch wiederzuerkennen. Wenn Sie dies nicht w\u00fcnschen, so k\u00f6nnen Sie Ihren Browser so einrichten, dass er Sie \u00fcber das Setzen von Cookies informiert und Sie dies nur im Einzelfall erlauben. Bei der Deaktivierung von Cookies kann die Funktionalit\u00e4t der Website jedoch eingeschr\u00e4nkt sein.<\/p>\n\n\n\n<p>Webanalysedienst Google (Google Analytics)<\/p>\n\n\n\n<p>Diese Website nutzt Funktionen des Webanalysedienstes Google Analytics. Anbieter ist Google Inc., 1600 Amphitheatre Parkway Mountain View, CA 94043, USA. Wir nutzen die Funktion &#8222;Aktivierung der IP-Anonymisierung&#8220; auf dieser Website. Dadurch wird Ihre IP-Adresse von Google innerhalb von Mitgliedstaaten der Europ\u00e4ischen Union oder in anderen Vertragsstaaten des Abkommens \u00fcber den Europ\u00e4ischen Wirtschaftsraum vor der Verarbeitung\/Speicherung gek\u00fcrzt. Im Auftrag des Betreibers dieser Website wird Google diese Informationen benutzen, um Ihre Nutzung der Website&nbsp; auszuwerten, um Reports \u00fcber die Websiteaktivit\u00e4ten zusammenzustellen, um die Kampagnenleistung von Onlinewerbung f\u00fcr Analyse- und Optimierungszwecke zu messen.<\/p>\n\n\n\n<p>Zu den verarbeiteten Daten z\u00e4hlen insbesondere Online-Kennzeichnungen (einschlie\u00dflich Cookie-Kennungen), Internet-Protokoll-Adressen, Ger\u00e4tekennungen, Standortdaten, vom Kunden vergebene Kennzeichnungen sowie Nutzerdaten (insbesondere Zeitpunkt und Dauer des Zugriffs, Auswahl bestimmter Angebote, etc.). Mehr Informationen zum Umgang mit Nutzerdaten bei Google Analytics finden Sie in der Datenschutzerkl\u00e4rung von Google, abrufbar unter<a href=\"https:\/\/policies.google.com\/privacy?hl=de\">https:\/\/policies.google.com\/privacy?hl=de<\/a>.<\/p>\n\n\n\n<p>Sie k\u00f6nnen die Erfassung der durch das Cookie erzeugten und auf Ihre Nutzung der Website bezogenen Daten an Google sowie die Verarbeitung dieser Daten durch Google verhindern, indem Sie das unter dem folgenden Link verf\u00fcgbare Browser-Plugin herunterladen und installieren:<a href=\"https:\/\/tools.google.com\/dlpage\/gaoptout?hl=de\">https:\/\/tools.google.com\/dlpage\/gaoptout?hl=de<\/a><\/p>\n\n\n\n<p><a href=\"https:\/\/www.elektro-net.at\/de\/\">Klicken Sie hier, um Google Analytics f\u00fcr diese Website auf Ihrem derzeit benutzten Browser zu deaktivieren.<\/a><\/p>\n\n\n\n<p>Die Beziehung zum Webanalyseanbieter basiert beim Einsatz von Google Analytics auf einer Auftragsdatenverarbeitung. Die \u00dcbermittlung von Daten an den Auftragsverarbeiter basiert auf einem Angemessenheitsbeschluss der Europ\u00e4ischen Kommission (Selbstzertifizierung Privacy Shield). Die Daten werden regelm\u00e4\u00dfig (derzeit alle 26 Monate) gel\u00f6scht.<\/p>\n\n\n\n<p>Verwendung von Google Adwords Conversion-Tracking<\/p>\n\n\n\n<p>Diese Website nutzt das Online-Werbeprogramm \u201eGoogle AdWords\u201c und im Rahmen von Google AdWords das Conversion-Tracking. Das Google Conversion Tracking ist ein Analysedienst der Google Inc. (1600 Amphitheatre Parkway, Mountain View, CA 94043, USA; \u201eGoogle\u201c). Wenn Sie auf eine von Google geschaltete Anzeige klicken, wird ein Cookie f\u00fcr das Conversion-Tracking auf Ihrem Rechner abgelegt. Diese Cookies verlieren nach maximal 90 Tagen ihre G\u00fcltigkeit. Wenn Sie bestimmte Internetseiten unserer Website besuchen und das Cookie noch nicht abgelaufen ist, kann Google und der Websitebetreiber erkennen, dass Sie auf die Anzeige geklickt haben und zu dieser Seite weitergeleitet wurden. Die Informationen, die mithilfe des Conversion-Cookies eingeholt werden, dienen dazu, Conversion-Statistiken zu erstellen. Hierbei erf\u00e4hrt der Websitebetreiber die Gesamtanzahl der Nutzer, die auf eine Anzeige geklickt haben und zu einer mit einem Conversion-Tracking-Tag versehenen Seite weitergeleitet wurden und\/oder verschiedene Handlungen auf der Seite ausgef\u00fchrt haben. Der Website-Betreiber erh\u00e4lt jedoch keine Informationen, mit denen sich Nutzer pers\u00f6nlich identifizieren lassen. Wenn Sie nicht am Tracking teilnehmen m\u00f6chten, k\u00f6nnen Sie dieser Nutzung widersprechen, indem Sie die Installation der Cookies durch eine entsprechende Einstellung Ihrer Browser Software verhindern (Deaktivierungsm\u00f6glichkeit). Sie werden sodann nicht in die Conversion-Tracking Statistiken aufgenommen. Weiterf\u00fchrende Informationen sowie die Datenschutzerkl\u00e4rung von Google finden Sie unter:<a href=\"http:\/\/www.google.com\/policies\/technologies\/ads\/\">http:\/\/www.google.com\/policies\/technologies\/ads\/<\/a>,<a href=\"http:\/\/www.google.de\/policies\/privacy\/\">http:\/\/www.google.de\/policies\/privacy\/<\/a><\/p>\n\n\n\n<p>Die Beziehung zum Webanalyseanbieter basiert beim Einsatz des Google Adwords Conversion-Tracking auf einer Auftragsdatenverarbeitung. Die \u00dcbermittlung von Daten an den Auftragsverarbeiter basiert auf einem Angemessenheitsbeschluss er Europ\u00e4ischen Kommission (Selbstzertifizierung Privacy Shield). Google ist zudem verpflichtet, die Daten regelm\u00e4\u00dfig (derzeit alle 39 Monate) zu l\u00f6schen.<\/p>\n\n\n\n<p>Social Media<\/p>\n\n\n\n<p>Falls auf dieser Website Facebook Social Plugins zum Einsatz kommen, so werden diese von der Facebook Inc. (1 Hacker Way, Menlo Park, California 94025, USA) betrieben. Erkennbar sind die Einbindungen an dem Facebook-Logo bzw. an den Begriffen \u201eLike\u201c, \u201eGef\u00e4llt mir\u201c, \u201eTeilen\u201c in den Farben Facebooks (Blau und Wei\u00df). Informationen zu allen Facebook-Plugins finden Sie im folgenden Link:<a href=\"https:\/\/developers.facebook.com\/docs\/plugins\/\">https:\/\/developers.facebook.com\/docs\/plugins\/<\/a><\/p>\n\n\n\n<p>Die Plugins werden erst aktiviert, wenn Sie auf die entsprechenden Schaltfl\u00e4chen klicken. Sofern diese ausgegraut angezeigt werden, sind die Plugins inaktiv. Sie haben die M\u00f6glichkeit, die Plugins bei jedem Besuch zu aktivieren.<\/p>\n\n\n\n<p>Die Plugins stellen eine direkte Verbindung zwischen Ihrem Browser und den Facebook-Servern her. Dies erfolgt erst nach der Aktivierung des Plugins. Der Websitebetreiber hat keinerlei Einfluss auf die Natur und den Umfang der Daten, welche das Plugin an die Server der Facebook Inc. \u00fcbermittelt. Informationen dazu finden Sie hier:<a href=\"https:\/\/www.facebook.com\/help\/186325668085084\">https:\/\/www.facebook.com\/help\/186325668085084<\/a><\/p>\n\n\n\n<p>Das Plugin informiert die Facebook Inc. dar\u00fcber, dass Sie als Nutzer diese Website besucht haben. Es besteht hierbei die M\u00f6glichkeit, dass Ihre IP-Adresse gespeichert wird. Sind Sie w\u00e4hrend des Besuchs auf dieser Website in Ihrem Facebook-Konto eingeloggt, werden die genannten Informationen mit diesem verkn\u00fcpft.<\/p>\n\n\n\n<p>Rechtsgrundlage f\u00fcr die Datenverarbeitung:<\/p>\n\n\n\n<p>Auf der Website werden Daten ausschlie\u00dflich auf Grundlage der gesetzlichen Bestimmungen (DSGVO, TKG 2003) verarbeitet.<\/p>\n\n\n\n<p>Die Datenverarbeitung (Webshop, Produktbewertungen, Buchungstool und Nutzeraccount) erfolgt auf Grundlage des Art 6 Abs. 1 lit. b) (Vertragserf\u00fcllungszwecke) DSGVO.<\/p>\n\n\n\n<p>Im Falle des Einsatzes von Analysetools erfolgt die Datenverwendung auf Grundlage des Art 6 Abs. 1 lit f) (berechtigtes Interesse) DSGVO. Das berechtigte Interesse an der Datenverwendung ist die Verbesserung des Webauftritts sowie die Erfolgsmessung von Online-Werbung.<\/p>\n\n\n\n<p>Der Einsatz von IT-Datensicherheitsma\u00dfnahmen erfolgt ebenfalls auf Grundlage des Art 6 Abs. 1 lit f) (berechtigtes Interesse) DSGVO. Das berechtigte Interesse an der Datenverwendung ist die Absicherung der eigenen IT-Systeme.<\/p>\n\n\n\n<p>Der Einsatz von Social-Media-Plugins erfolgt nur nach Einwilligung. Rechtsgrundlage ist daher Art. 6 Abs. 1 lit a) DSGVO. Die Einwilligung ist bei jedem Website-Aufruf erneut zu erteilen.<\/p>\n\n\n\n<p>Ihre Rechte<\/p>\n\n\n\n<p>Ihnen stehen grunds\u00e4tzlich die Rechte auf Auskunft, Berichtigung, L\u00f6schung, Einschr\u00e4nkung der Verarbeitung, Daten\u00fcbertragbarkeit, Widerruf und Widerspruch zu. Wenn Sie glauben, dass die Verarbeitung Ihrer Daten gegen das Datenschutzrecht verst\u00f6\u00dft oder Ihre datenschutzrechtlichen Anspr\u00fcche sonst in einer Weise verletzt worden sind, k\u00f6nnen Sie sich bei der Aufsichtsbeh\u00f6rde beschweren. In \u00d6sterreich ist dies die Datenschutzbeh\u00f6rde.<\/p>\n","protected":false},"excerpt":{"rendered":"<p>Kr\u00e4uter und Wurzelwerk Oberach 644950 Altheimnicoletta@back.co.at Vollst\u00e4ndiger Firmenname Nicoletta Back Ort der Gewerbeberechtigung Oberach 644950 Altheim Kammer\/Berufsverband-Zugeh\u00f6rigkeit(en) WKO O\u00d6 Haftungsausschluss Inhalt des Onlineangebotes Der Autor \u00fcbernimmt keinerlei Gew\u00e4hr f\u00fcr die &hellip; <\/p>\n<p class=\"link-more\"><a href=\"https:\/\/back.co.at\/kuw\/datenschutzerklaerung-impressum\/\" class=\"more-link\"><span class=\"screen-reader-text\">\u201eDatenschutzerkl\u00e4rung &#038; Impressum\u201c<\/span> weiterlesen<\/a><\/p>\n","protected":false},"author":1,"featured_media":0,"parent":0,"menu_order":0,"comment_status":"closed","ping_status":"closed","template":"","meta":{"footnotes":""},"class_list":["post-113","page","type-page","status-publish","hentry"],"_links":{"self":[{"href":"https:\/\/back.co.at\/kuw\/wp-json\/wp\/v2\/pages\/113","targetHints":{"allow":["GET"]}}],"collection":[{"href":"https:\/\/back.co.at\/kuw\/wp-json\/wp\/v2\/pages"}],"about":[{"href":"https:\/\/back.co.at\/kuw\/wp-json\/wp\/v2\/types\/page"}],"author":[{"embeddable":true,"href":"https:\/\/back.co.at\/kuw\/wp-json\/wp\/v2\/users\/1"}],"replies":[{"embeddable":true,"href":"https:\/\/back.co.at\/kuw\/wp-json\/wp\/v2\/comments?post=113"}],"version-history":[{"count":1,"href":"https:\/\/back.co.at\/kuw\/wp-json\/wp\/v2\/pages\/113\/revisions"}],"predecessor-version":[{"id":114,"href":"https:\/\/back.co.at\/kuw\/wp-json\/wp\/v2\/pages\/113\/revisions\/114"}],"wp:attachment":[{"href":"https:\/\/back.co.at\/kuw\/wp-json\/wp\/v2\/media?parent=113"}],"curies":[{"name":"wp","href":"https:\/\/api.w.org\/{rel}","templated":true}]}}